{"id":827,"date":"2022-11-23T22:08:08","date_gmt":"2022-11-23T21:08:08","guid":{"rendered":"https:\/\/gitelacommanderie.com\/?page_id=827"},"modified":"2022-11-23T22:08:23","modified_gmt":"2022-11-23T21:08:23","slug":"seminaires","status":"publish","type":"page","link":"https:\/\/lacommanderiedestempliers.com\/en\/seminaires\/","title":{"rendered":"S\u00e9minaires"},"content":{"rendered":"<div data-elementor-type=\"wp-page\" data-elementor-id=\"827\" class=\"elementor elementor-827\">\n\t\t\t\t\t\t<section class=\"elementor-section elementor-top-section elementor-element elementor-element-8ec9352 elementor-section-boxed elementor-section-height-default elementor-section-height-default\" data-id=\"8ec9352\" data-element_type=\"section\">\n\t\t\t\t\t\t<div class=\"elementor-container elementor-column-gap-default\">\n\t\t\t\t\t<div class=\"elementor-column elementor-col-100 elementor-top-column elementor-element elementor-element-7096d1a\" data-id=\"7096d1a\" data-element_type=\"column\">\n\t\t\t<div class=\"elementor-widget-wrap elementor-element-populated\">\n\t\t\t\t\t\t<div class=\"elementor-element elementor-element-88ca3f9 elementor-widget elementor-widget-shortcode\" data-id=\"88ca3f9\" data-element_type=\"widget\" data-widget_type=\"shortcode.default\">\n\t\t\t\t<div class=\"elementor-widget-container\">\n\t\t\t\t\t<div class=\"elementor-shortcode\"><div class=\"comingSoon\"><div class=\"comingSoon-left\"><img decoding=\"async\" src=\"https:\/\/lacommanderiedestempliers.com\/wp-content\/themes\/lacommanderiedestempliers\/assets\/img\/comingSoon.png\" alt=\"coming soon\"><\/div><div class=\"comingSoon-right\"><h1>Cette page est en construction<\/h1><h3>Something amazing is coming<\/h2><\/div><\/div><\/div>\n\t\t\t\t<\/div>\n\t\t\t\t<\/div>\n\t\t\t\t\t<\/div>\n\t\t<\/div>\n\t\t\t\t\t<\/div>\n\t\t<\/section>\n\t\t\t\t<\/div>","protected":false},"excerpt":{"rendered":"","protected":false},"author":3,"featured_media":0,"parent":0,"menu_order":0,"comment_status":"closed","ping_status":"closed","template":"","meta":{"footnotes":""},"class_list":["post-827","page","type-page","status-publish","hentry"],"yoast_head":"<!-- This site is optimized with the Yoast SEO plugin v23.9 - https:\/\/yoast.com\/wordpress\/plugins\/seo\/ -->\n<title>S\u00e9minaires - La Commanderie Des Templiers<\/title>\n<meta name=\"robots\" content=\"index, follow, max-snippet:-1, max-image-preview:large, max-video-preview:-1\" \/>\n<link rel=\"canonical\" href=\"https:\/\/lacommanderiedestempliers.com\/en\/seminaires\/\" \/>\n<meta property=\"og:locale\" content=\"en_US\" \/>\n<meta property=\"og:type\" content=\"article\" \/>\n<meta property=\"og:title\" content=\"S\u00e9minaires - La Commanderie Des Templiers\" \/>\n<meta property=\"og:url\" content=\"https:\/\/lacommanderiedestempliers.com\/en\/seminaires\/\" \/>\n<meta property=\"og:site_name\" content=\"La Commanderie Des Templiers\" \/>\n<meta property=\"article:publisher\" content=\"https:\/\/www.instagram.com\/commanderie_des_templiers\/\" \/>\n<meta property=\"article:modified_time\" content=\"2022-11-23T21:08:23+00:00\" \/>\n<meta name=\"twitter:card\" content=\"summary_large_image\" \/>\n<script type=\"application\/ld+json\" class=\"yoast-schema-graph\">{\"@context\":\"https:\/\/schema.org\",\"@graph\":[{\"@type\":\"WebPage\",\"@id\":\"https:\/\/lacommanderiedestempliers.com\/seminaires\/\",\"url\":\"https:\/\/lacommanderiedestempliers.com\/seminaires\/\",\"name\":\"S\u00e9minaires - La Commanderie Des Templiers\",\"isPartOf\":{\"@id\":\"https:\/\/lacommanderiedestempliers.com\/#website\"},\"datePublished\":\"2022-11-23T21:08:08+00:00\",\"dateModified\":\"2022-11-23T21:08:23+00:00\",\"breadcrumb\":{\"@id\":\"https:\/\/lacommanderiedestempliers.com\/seminaires\/#breadcrumb\"},\"inLanguage\":\"en-US\",\"potentialAction\":[{\"@type\":\"ReadAction\",\"target\":[\"https:\/\/lacommanderiedestempliers.com\/seminaires\/\"]}]},{\"@type\":\"BreadcrumbList\",\"@id\":\"https:\/\/lacommanderiedestempliers.com\/seminaires\/#breadcrumb\",\"itemListElement\":[{\"@type\":\"ListItem\",\"position\":1,\"name\":\"Home\",\"item\":\"https:\/\/lacommanderiedestempliers.com\/\"},{\"@type\":\"ListItem\",\"position\":2,\"name\":\"S\u00e9minaires\"}]},{\"@type\":\"WebSite\",\"@id\":\"https:\/\/lacommanderiedestempliers.com\/#website\",\"url\":\"https:\/\/lacommanderiedestempliers.com\/\",\"name\":\"La Commanderie Des Templiers\",\"description\":\"Un lieu de bien \u00eatre, de d\u00e9tente et de convivialit\u00e9\",\"publisher\":{\"@id\":\"https:\/\/lacommanderiedestempliers.com\/#organization\"},\"potentialAction\":[{\"@type\":\"SearchAction\",\"target\":{\"@type\":\"EntryPoint\",\"urlTemplate\":\"https:\/\/lacommanderiedestempliers.com\/?s={search_term_string}\"},\"query-input\":{\"@type\":\"PropertyValueSpecification\",\"valueRequired\":true,\"valueName\":\"search_term_string\"}}],\"inLanguage\":\"en-US\"},{\"@type\":\"Organization\",\"@id\":\"https:\/\/lacommanderiedestempliers.com\/#organization\",\"name\":\"La Commanderie Des Templiers\",\"url\":\"https:\/\/lacommanderiedestempliers.com\/\",\"logo\":{\"@type\":\"ImageObject\",\"inLanguage\":\"en-US\",\"@id\":\"https:\/\/lacommanderiedestempliers.com\/#\/schema\/logo\/image\/\",\"url\":\"https:\/\/lacommanderiedestempliers.com\/wp-content\/uploads\/2022\/09\/LOGO-GITE-COMMANDERIE-DES-TEMPLIERS.png\",\"contentUrl\":\"https:\/\/lacommanderiedestempliers.com\/wp-content\/uploads\/2022\/09\/LOGO-GITE-COMMANDERIE-DES-TEMPLIERS.png\",\"width\":1394,\"height\":686,\"caption\":\"La Commanderie Des Templiers\"},\"image\":{\"@id\":\"https:\/\/lacommanderiedestempliers.com\/#\/schema\/logo\/image\/\"},\"sameAs\":[\"https:\/\/www.instagram.com\/commanderie_des_templiers\/\",\"https:\/\/www.gites-de-france-oise.fr\/fiche-hebergement-G602238.html?FICHE=O&amp;amp;ampampDEP=60&amp;amp;ampampNUM=G602238&amp;amp;ampampEXE=2022&amp;amp;ampampINSTANCE=gites60&amp;amp;ampampBAS=G\"]}]}<\/script>\n<!-- \/ Yoast SEO plugin. -->","yoast_head_json":{"title":"S\u00e9minaires - La Commanderie Des Templiers","robots":{"index":"index","follow":"follow","max-snippet":"max-snippet:-1","max-image-preview":"max-image-preview:large","max-video-preview":"max-video-preview:-1"},"canonical":"https:\/\/lacommanderiedestempliers.com\/en\/seminaires\/","og_locale":"en_US","og_type":"article","og_title":"S\u00e9minaires - La Commanderie Des Templiers","og_url":"https:\/\/lacommanderiedestempliers.com\/en\/seminaires\/","og_site_name":"La Commanderie Des Templiers","article_publisher":"https:\/\/www.instagram.com\/commanderie_des_templiers\/","article_modified_time":"2022-11-23T21:08:23+00:00","twitter_card":"summary_large_image","schema":{"@context":"https:\/\/schema.org","@graph":[{"@type":"WebPage","@id":"https:\/\/lacommanderiedestempliers.com\/seminaires\/","url":"https:\/\/lacommanderiedestempliers.com\/seminaires\/","name":"S\u00e9minaires - La Commanderie Des Templiers","isPartOf":{"@id":"https:\/\/lacommanderiedestempliers.com\/#website"},"datePublished":"2022-11-23T21:08:08+00:00","dateModified":"2022-11-23T21:08:23+00:00","breadcrumb":{"@id":"https:\/\/lacommanderiedestempliers.com\/seminaires\/#breadcrumb"},"inLanguage":"en-US","potentialAction":[{"@type":"ReadAction","target":["https:\/\/lacommanderiedestempliers.com\/seminaires\/"]}]},{"@type":"BreadcrumbList","@id":"https:\/\/lacommanderiedestempliers.com\/seminaires\/#breadcrumb","itemListElement":[{"@type":"ListItem","position":1,"name":"Home","item":"https:\/\/lacommanderiedestempliers.com\/"},{"@type":"ListItem","position":2,"name":"S\u00e9minaires"}]},{"@type":"WebSite","@id":"https:\/\/lacommanderiedestempliers.com\/#website","url":"https:\/\/lacommanderiedestempliers.com\/","name":"La Commanderie Des Templiers","description":"Un lieu de bien \u00eatre, de d\u00e9tente et de convivialit\u00e9","publisher":{"@id":"https:\/\/lacommanderiedestempliers.com\/#organization"},"potentialAction":[{"@type":"SearchAction","target":{"@type":"EntryPoint","urlTemplate":"https:\/\/lacommanderiedestempliers.com\/?s={search_term_string}"},"query-input":{"@type":"PropertyValueSpecification","valueRequired":true,"valueName":"search_term_string"}}],"inLanguage":"en-US"},{"@type":"Organization","@id":"https:\/\/lacommanderiedestempliers.com\/#organization","name":"La Commanderie Des Templiers","url":"https:\/\/lacommanderiedestempliers.com\/","logo":{"@type":"ImageObject","inLanguage":"en-US","@id":"https:\/\/lacommanderiedestempliers.com\/#\/schema\/logo\/image\/","url":"https:\/\/lacommanderiedestempliers.com\/wp-content\/uploads\/2022\/09\/LOGO-GITE-COMMANDERIE-DES-TEMPLIERS.png","contentUrl":"https:\/\/lacommanderiedestempliers.com\/wp-content\/uploads\/2022\/09\/LOGO-GITE-COMMANDERIE-DES-TEMPLIERS.png","width":1394,"height":686,"caption":"La Commanderie Des Templiers"},"image":{"@id":"https:\/\/lacommanderiedestempliers.com\/#\/schema\/logo\/image\/"},"sameAs":["https:\/\/www.instagram.com\/commanderie_des_templiers\/","https:\/\/www.gites-de-france-oise.fr\/fiche-hebergement-G602238.html?FICHE=O&amp;amp;ampampDEP=60&amp;amp;ampampNUM=G602238&amp;amp;ampampEXE=2022&amp;amp;ampampINSTANCE=gites60&amp;amp;ampampBAS=G"]}]}},"_links":{"self":[{"href":"https:\/\/lacommanderiedestempliers.com\/en\/wp-json\/wp\/v2\/pages\/827","targetHints":{"allow":["GET"]}}],"collection":[{"href":"https:\/\/lacommanderiedestempliers.com\/en\/wp-json\/wp\/v2\/pages"}],"about":[{"href":"https:\/\/lacommanderiedestempliers.com\/en\/wp-json\/wp\/v2\/types\/page"}],"author":[{"embeddable":true,"href":"https:\/\/lacommanderiedestempliers.com\/en\/wp-json\/wp\/v2\/users\/3"}],"replies":[{"embeddable":true,"href":"https:\/\/lacommanderiedestempliers.com\/en\/wp-json\/wp\/v2\/comments?post=827"}],"version-history":[{"count":4,"href":"https:\/\/lacommanderiedestempliers.com\/en\/wp-json\/wp\/v2\/pages\/827\/revisions"}],"predecessor-version":[{"id":831,"href":"https:\/\/lacommanderiedestempliers.com\/en\/wp-json\/wp\/v2\/pages\/827\/revisions\/831"}],"wp:attachment":[{"href":"https:\/\/lacommanderiedestempliers.com\/en\/wp-json\/wp\/v2\/media?parent=827"}],"curies":[{"name":"wp","href":"https:\/\/api.w.org\/{rel}","templated":true}]}}